{"id":183,"date":"2022-08-04T13:53:03","date_gmt":"2022-08-04T11:53:03","guid":{"rendered":"http:\/\/test.alpenverein-austria.pl\/data-privacy\/"},"modified":"2023-09-07T09:05:51","modified_gmt":"2023-09-07T07:05:51","slug":"data-privacy","status":"publish","type":"page","link":"https:\/\/www.alpenverein-austria.pl\/pl\/data-privacy\/","title":{"rendered":"Ochrona danych"},"content":{"rendered":"<h2><strong>Administrator i dane kontaktowe<\/strong><\/h2>\n<p>Pytania dotycz\u0105ce ochrony danych nale\u017cy kierowa\u0107 do:<\/p>\n<p>Alpenverein Austria<br \/>\nPrzewodnicz\u0105cy: Friedrich Macher<br \/>\nAdres: 1010 Wien, Rotenturmstra\u00dfe 14<br \/>\nE-mail: <a href=\"mailto:austria@alpenverein-austria.at\">austria@alpenverein-austria.at<\/a><br \/>\nStrona: <a href=\"https:\/\/www.alpenverein-austria.at\">www.alpenverein-austria.at<\/a><br \/>\nZVR-Zahl: 454438765<\/p>\n<p>Nasze dane kontaktowe mo\u017cna znale\u017a\u0107 r\u00f3wnie\u017c w naszej gazetce oraz na stronie internetowej.<\/p>\n<p><a href=\"https:\/\/www.alpenverein.pl\/statut_alpenverein\">Statut Stowarzyszenia Alpenverein Austria<\/a><\/p>\n<p><a href=\"https:\/\/www.alpenverein.pl\/pliki\/information_zur_verarbeitung.pdf\">Informacja o przetwarzaniu danych osobowych<\/a><\/p>\n","protected":false},"excerpt":{"rendered":"<p>Administrator i dane kontaktowe Pytania dotycz\u0105ce ochrony danych nale\u017cy kierowa\u0107 do: Alpenverein Austria Przewodnicz\u0105cy: Friedrich Macher Adres: 1010 Wien, Rotenturmstra\u00dfe 14 E-mail: austria@alpenverein-austria.at Strona: www.alpenverein-austria.at ZVR-Zahl: 454438765 Nasze dane kontaktowe mo\u017cna znale\u017a\u0107 r\u00f3wnie\u017c w naszej gazetce oraz na stronie internetowej. Statut Stowarzyszenia Alpenverein Austria Informacja o przetwarzaniu danych osobowych<\/p>\n","protected":false},"author":2,"featured_media":0,"parent":0,"menu_order":0,"comment_status":"closed","ping_status":"closed","template":"page-textcontent.php","meta":{"footnotes":""},"class_list":["post-183","page","type-page","status-publish","hentry"],"_links":{"self":[{"href":"https:\/\/www.alpenverein-austria.pl\/pl\/wp-json\/wp\/v2\/pages\/183","targetHints":{"allow":["GET"]}}],"collection":[{"href":"https:\/\/www.alpenverein-austria.pl\/pl\/wp-json\/wp\/v2\/pages"}],"about":[{"href":"https:\/\/www.alpenverein-austria.pl\/pl\/wp-json\/wp\/v2\/types\/page"}],"author":[{"embeddable":true,"href":"https:\/\/www.alpenverein-austria.pl\/pl\/wp-json\/wp\/v2\/users\/2"}],"replies":[{"embeddable":true,"href":"https:\/\/www.alpenverein-austria.pl\/pl\/wp-json\/wp\/v2\/comments?post=183"}],"version-history":[{"count":4,"href":"https:\/\/www.alpenverein-austria.pl\/pl\/wp-json\/wp\/v2\/pages\/183\/revisions"}],"predecessor-version":[{"id":305,"href":"https:\/\/www.alpenverein-austria.pl\/pl\/wp-json\/wp\/v2\/pages\/183\/revisions\/305"}],"wp:attachment":[{"href":"https:\/\/www.alpenverein-austria.pl\/pl\/wp-json\/wp\/v2\/media?parent=183"}],"curies":[{"name":"wp","href":"https:\/\/api.w.org\/{rel}","templated":true}]}}